{"id":509,"date":"2025-08-27T18:55:46","date_gmt":"2025-08-27T18:55:46","guid":{"rendered":"https:\/\/sunconservation.com\/?page_id=509"},"modified":"2025-11-13T17:04:57","modified_gmt":"2025-11-13T17:04:57","slug":"proyecto-teca","status":"publish","type":"page","link":"https:\/\/sunconservation.com\/en\/proyecto-teca\/","title":{"rendered":"Proyecto Teak"},"content":{"rendered":"<div data-elementor-type=\"wp-page\" data-elementor-id=\"509\" class=\"elementor elementor-509\" data-elementor-post-type=\"page\">\n\t\t\t\t<div class=\"elementor-element elementor-element-da9fffe e-con-full e-flex e-con e-parent\" data-id=\"da9fffe\" data-element_type=\"container\" data-e-type=\"container\" data-settings=\"{&quot;background_background&quot;:&quot;classic&quot;}\">\n\t\t\t\t<div class=\"elementor-element elementor-element-4d0ad3e elementor-widget__width-initial elementor-widget elementor-widget-image\" data-id=\"4d0ad3e\" data-element_type=\"widget\" data-e-type=\"widget\" data-widget_type=\"image.default\">\n\t\t\t\t\t\t\t\t\t\t\t\t\t\t\t<img fetchpriority=\"high\" decoding=\"async\" width=\"800\" height=\"313\" src=\"https:\/\/sunconservation.com\/wp-content\/uploads\/2025\/10\/TEAK-Logo-horizontal-e1761757711446-1024x401.png\" class=\"attachment-large size-large wp-image-838\" alt=\"\" srcset=\"https:\/\/sunconservation.com\/wp-content\/uploads\/2025\/10\/TEAK-Logo-horizontal-e1761757711446-1024x401.png 1024w, https:\/\/sunconservation.com\/wp-content\/uploads\/2025\/10\/TEAK-Logo-horizontal-e1761757711446-300x118.png 300w, https:\/\/sunconservation.com\/wp-content\/uploads\/2025\/10\/TEAK-Logo-horizontal-e1761757711446-768x301.png 768w, https:\/\/sunconservation.com\/wp-content\/uploads\/2025\/10\/TEAK-Logo-horizontal-e1761757711446.png 1080w\" sizes=\"(max-width: 800px) 100vw, 800px\" \/>\t\t\t\t\t\t\t\t\t\t\t\t\t\t\t<\/div>\n\t\t\t\t<div class=\"elementor-element elementor-element-936a643 elementor-widget__width-initial elementor-widget-mobile__width-initial elementor-widget elementor-widget-heading\" data-id=\"936a643\" data-element_type=\"widget\" data-e-type=\"widget\" data-widget_type=\"heading.default\">\n\t\t\t\t\t<h2 class=\"elementor-heading-title elementor-size-default\">Your investment in teak is an investment in excellence, sustainability and prosperity.<\/h2>\t\t\t\t<\/div>\n\t\t\t\t<\/div>\n\t\t<div class=\"elementor-element elementor-element-695547d e-flex e-con-boxed e-con e-parent\" data-id=\"695547d\" data-element_type=\"container\" data-e-type=\"container\">\n\t\t\t\t\t<div class=\"e-con-inner\">\n\t\t\t\t<div class=\"elementor-element elementor-element-5af1f62 elementor-widget__width-initial elementor-widget elementor-widget-image\" data-id=\"5af1f62\" data-element_type=\"widget\" data-e-type=\"widget\" data-widget_type=\"image.default\">\n\t\t\t\t\t\t\t\t\t\t\t\t\t\t\t<img decoding=\"async\" width=\"800\" height=\"515\" src=\"https:\/\/sunconservation.com\/wp-content\/uploads\/2025\/09\/5073dd24b8f4aa19d0676be8159d8c55-1024x659.png\" class=\"attachment-large size-large wp-image-606\" alt=\"\" srcset=\"https:\/\/sunconservation.com\/wp-content\/uploads\/2025\/09\/5073dd24b8f4aa19d0676be8159d8c55-1024x659.png 1024w, https:\/\/sunconservation.com\/wp-content\/uploads\/2025\/09\/5073dd24b8f4aa19d0676be8159d8c55-300x193.png 300w, https:\/\/sunconservation.com\/wp-content\/uploads\/2025\/09\/5073dd24b8f4aa19d0676be8159d8c55-768x494.png 768w, https:\/\/sunconservation.com\/wp-content\/uploads\/2025\/09\/5073dd24b8f4aa19d0676be8159d8c55-1536x989.png 1536w, https:\/\/sunconservation.com\/wp-content\/uploads\/2025\/09\/5073dd24b8f4aa19d0676be8159d8c55.png 1920w\" sizes=\"(max-width: 800px) 100vw, 800px\" \/>\t\t\t\t\t\t\t\t\t\t\t\t\t\t\t<\/div>\n\t\t<div class=\"elementor-element elementor-element-a14d732 e-con-full e-flex e-con e-child\" data-id=\"a14d732\" data-element_type=\"container\" data-e-type=\"container\">\n\t\t\t\t<div class=\"elementor-element elementor-element-ca367bc elementor-widget elementor-widget-heading\" data-id=\"ca367bc\" data-element_type=\"widget\" data-e-type=\"widget\" data-widget_type=\"heading.default\">\n\t\t\t\t\t<h2 class=\"elementor-heading-title elementor-size-default\">Welcome to the Future of the Forestry Investment<\/h2>\t\t\t\t<\/div>\n\t\t\t\t<div class=\"elementor-element elementor-element-0bd5a60 elementor-widget__width-initial elementor-widget elementor-widget-text-editor\" data-id=\"0bd5a60\" data-element_type=\"widget\" data-e-type=\"widget\" data-widget_type=\"text-editor.default\">\n\t\t\t\t\t\t\t\t\t<ul><li>In a world that values sustainability and profitability, here is a unique opportunity to invest in one of the assets most solid and promising market: teak plantations.<\/li><li>We are a leading company, dedicated to the structuring and management of a community of teak plantations. Our goal is clear: to achieve the highest levels of efficiency in <b>maintenance, marketing and financial performance<\/b>transforming these assets in a global point of reference.<\/li><\/ul>\t\t\t\t\t\t\t\t<\/div>\n\t\t\t\t<div class=\"elementor-element elementor-element-83dce21 elementor-align-center elementor-mobile-align-center elementor-widget elementor-widget-button\" data-id=\"83dce21\" data-element_type=\"widget\" data-e-type=\"widget\" data-widget_type=\"button.default\">\n\t\t\t\t\t\t\t\t\t\t<a class=\"elementor-button elementor-button-link elementor-size-sm\" href=\"#contacto\">\n\t\t\t\t\t\t<span class=\"elementor-button-content-wrapper\">\n\t\t\t\t\t\t\t\t\t<span class=\"elementor-button-text\">Cont\u00e1ctenos<\/span>\n\t\t\t\t\t<\/span>\n\t\t\t\t\t<\/a>\n\t\t\t\t\t\t\t\t<\/div>\n\t\t\t\t<\/div>\n\t\t\t\t\t<\/div>\n\t\t\t\t<\/div>\n\t\t<div class=\"elementor-element elementor-element-cea5c13 e-flex e-con-boxed e-con e-parent\" data-id=\"cea5c13\" data-element_type=\"container\" data-e-type=\"container\">\n\t\t\t\t\t<div class=\"e-con-inner\">\n\t\t\t\t<div class=\"elementor-element elementor-element-b5ef0df elementor-widget-tablet__width-initial elementor-widget elementor-widget-heading\" data-id=\"b5ef0df\" data-element_type=\"widget\" data-e-type=\"widget\" data-widget_type=\"heading.default\">\n\t\t\t\t\t<h2 class=\"elementor-heading-title elementor-size-default\">Why Teak?<\/h2>\t\t\t\t<\/div>\n\t\t<div class=\"elementor-element elementor-element-9d9973c e-con-full e-flex e-con e-child\" data-id=\"9d9973c\" data-element_type=\"container\" data-e-type=\"container\">\n\t\t\t\t<div class=\"elementor-element elementor-element-a83e450 elementor-widget elementor-widget-text-editor\" data-id=\"a83e450\" data-element_type=\"widget\" data-e-type=\"widget\" data-widget_type=\"text-editor.default\">\n\t\t\t\t\t\t\t\t\t<p class=\"font_8 wixui-rich-text__text\">Teak is a material luxury, recognized for its durability, strength and beauty. Its global demand is constant and its value continues to increase, posicion\u00e1ndola as a low-risk investment and high growth potential.<\/p><p>Invest in a future that is more green and cost-effective. With us, you're not only buying an asset; you're securing your participation in an ecosystem of sustainable growth, driven by the expertise of our specialists, and the robustness of a management impeccable.<\/p>\t\t\t\t\t\t\t\t<\/div>\n\t\t\t\t<div class=\"elementor-element elementor-element-3dc6841 elementor-align-center elementor-mobile-align-center elementor-widget elementor-widget-button\" data-id=\"3dc6841\" data-element_type=\"widget\" data-e-type=\"widget\" data-widget_type=\"button.default\">\n\t\t\t\t\t\t\t\t\t\t<a class=\"elementor-button elementor-button-link elementor-size-sm\" href=\"#contacto\">\n\t\t\t\t\t\t<span class=\"elementor-button-content-wrapper\">\n\t\t\t\t\t\t\t\t\t<span class=\"elementor-button-text\">Cont\u00e1ctenos<\/span>\n\t\t\t\t\t<\/span>\n\t\t\t\t\t<\/a>\n\t\t\t\t\t\t\t\t<\/div>\n\t\t\t\t<\/div>\n\t\t\t\t\t<\/div>\n\t\t\t\t<\/div>\n\t\t<div class=\"elementor-element elementor-element-984046d e-flex e-con-boxed e-con e-parent\" data-id=\"984046d\" data-element_type=\"container\" data-e-type=\"container\">\n\t\t\t\t\t<div class=\"e-con-inner\">\n\t\t<div class=\"elementor-element elementor-element-e778716 e-con-full e-flex e-con e-child\" data-id=\"e778716\" data-element_type=\"container\" data-e-type=\"container\">\n\t\t\t\t<div class=\"elementor-element elementor-element-a55ea5b elementor-widget-tablet__width-initial elementor-widget elementor-widget-heading\" data-id=\"a55ea5b\" data-element_type=\"widget\" data-e-type=\"widget\" data-widget_type=\"heading.default\">\n\t\t\t\t\t<h2 class=\"elementor-heading-title elementor-size-default\">We are a company in charge of structuring a community of plantations <\/h2>\t\t\t\t<\/div>\n\t\t\t\t<div class=\"elementor-element elementor-element-ad458fd elementor-widget elementor-widget-gallery\" data-id=\"ad458fd\" data-element_type=\"widget\" data-e-type=\"widget\" data-settings=\"{&quot;columns&quot;:3,&quot;aspect_ratio&quot;:&quot;1:1&quot;,&quot;lazyload&quot;:&quot;yes&quot;,&quot;gallery_layout&quot;:&quot;grid&quot;,&quot;columns_tablet&quot;:2,&quot;columns_mobile&quot;:1,&quot;gap&quot;:{&quot;unit&quot;:&quot;px&quot;,&quot;size&quot;:10,&quot;sizes&quot;:[]},&quot;gap_tablet&quot;:{&quot;unit&quot;:&quot;px&quot;,&quot;size&quot;:10,&quot;sizes&quot;:[]},&quot;gap_mobile&quot;:{&quot;unit&quot;:&quot;px&quot;,&quot;size&quot;:10,&quot;sizes&quot;:[]},&quot;link_to&quot;:&quot;file&quot;,&quot;content_hover_animation&quot;:&quot;fade-in&quot;}\" data-widget_type=\"gallery.default\">\n\t\t\t\t\t\t\t<div class=\"elementor-gallery__container\">\n\t\t\t\t\t\t\t<a class=\"e-gallery-item elementor-gallery-item elementor-animated-content\" href=\"https:\/\/sunconservation.com\/wp-content\/uploads\/2025\/09\/67f98cd940b6e.jpeg\" data-elementor-open-lightbox=\"yes\" data-elementor-lightbox-slideshow=\"ad458fd\" data-elementor-lightbox-title=\"67f98cd940b6e\" data-e-action-hash=\"#elementor-action%3Aaction%3Dlightbox%26settings%3DeyJpZCI6NjA4LCJ1cmwiOiJodHRwczpcL1wvc3VuY29uc2VydmF0aW9uLmNvbVwvd3AtY29udGVudFwvdXBsb2Fkc1wvMjAyNVwvMDlcLzY3Zjk4Y2Q5NDBiNmUuanBlZyIsInNsaWRlc2hvdyI6ImFkNDU4ZmQifQ%3D%3D\">\n\t\t\t\t\t<div class=\"e-gallery-image elementor-gallery-item__image\" data-thumbnail=\"https:\/\/sunconservation.com\/wp-content\/uploads\/2025\/09\/67f98cd940b6e.jpeg\" data-width=\"1920\" data-height=\"1440\" aria-label=\"\" role=\"img\" ><\/div>\n\t\t\t\t\t\t\t\t\t\t\t\t\t\t<\/a>\n\t\t\t\t\t\t\t<a class=\"e-gallery-item elementor-gallery-item elementor-animated-content\" href=\"https:\/\/sunconservation.com\/wp-content\/uploads\/2025\/09\/95bc6c57-0127-4095-85eb-aae61998a099.jpg\" data-elementor-open-lightbox=\"yes\" data-elementor-lightbox-slideshow=\"ad458fd\" data-elementor-lightbox-title=\"95bc6c57-0127-4095-85eb-aae61998a099\" data-e-action-hash=\"#elementor-action%3Aaction%3Dlightbox%26settings%3DeyJpZCI6NjA5LCJ1cmwiOiJodHRwczpcL1wvc3VuY29uc2VydmF0aW9uLmNvbVwvd3AtY29udGVudFwvdXBsb2Fkc1wvMjAyNVwvMDlcLzk1YmM2YzU3LTAxMjctNDA5NS04NWViLWFhZTYxOTk4YTA5OS5qcGciLCJzbGlkZXNob3ciOiJhZDQ1OGZkIn0%3D\">\n\t\t\t\t\t<div class=\"e-gallery-image elementor-gallery-item__image\" data-thumbnail=\"https:\/\/sunconservation.com\/wp-content\/uploads\/2025\/09\/95bc6c57-0127-4095-85eb-aae61998a099.jpg\" data-width=\"1260\" data-height=\"630\" aria-label=\"\" role=\"img\" ><\/div>\n\t\t\t\t\t\t\t\t\t\t\t\t\t\t<\/a>\n\t\t\t\t\t\t\t<a class=\"e-gallery-item elementor-gallery-item elementor-animated-content\" href=\"https:\/\/sunconservation.com\/wp-content\/uploads\/2025\/09\/forest-teak-tree-the-agricultural-of-plantation-field-teak-tree-green-leaf-in-countryside-area-free-photo-scaled.jpg\" data-elementor-open-lightbox=\"yes\" data-elementor-lightbox-slideshow=\"ad458fd\" data-elementor-lightbox-title=\"forest-teak-tree-the-agricultural-of-plantation-field-teak-tree-green-leaf-in-countryside-area-free-photo\" data-e-action-hash=\"#elementor-action%3Aaction%3Dlightbox%26settings%3DeyJpZCI6NjExLCJ1cmwiOiJodHRwczpcL1wvc3VuY29uc2VydmF0aW9uLmNvbVwvd3AtY29udGVudFwvdXBsb2Fkc1wvMjAyNVwvMDlcL2ZvcmVzdC10ZWFrLXRyZWUtdGhlLWFncmljdWx0dXJhbC1vZi1wbGFudGF0aW9uLWZpZWxkLXRlYWstdHJlZS1ncmVlbi1sZWFmLWluLWNvdW50cnlzaWRlLWFyZWEtZnJlZS1waG90by1zY2FsZWQuanBnIiwic2xpZGVzaG93IjoiYWQ0NThmZCJ9\">\n\t\t\t\t\t<div class=\"e-gallery-image elementor-gallery-item__image\" data-thumbnail=\"https:\/\/sunconservation.com\/wp-content\/uploads\/2025\/09\/forest-teak-tree-the-agricultural-of-plantation-field-teak-tree-green-leaf-in-countryside-area-free-photo-2048x1367.jpg\" data-width=\"2048\" data-height=\"1367\" aria-label=\"\" role=\"img\" ><\/div>\n\t\t\t\t\t\t\t\t\t\t\t\t\t\t<\/a>\n\t\t\t\t\t\t\t<a class=\"e-gallery-item elementor-gallery-item elementor-animated-content\" href=\"https:\/\/sunconservation.com\/wp-content\/uploads\/2025\/09\/Sector-forestal-exportaciones-Ecuador-1-scaled.jpg\" data-elementor-open-lightbox=\"yes\" data-elementor-lightbox-slideshow=\"ad458fd\" data-elementor-lightbox-title=\"Sector-forestal-exportaciones-Ecuador (1)\" data-e-action-hash=\"#elementor-action%3Aaction%3Dlightbox%26settings%3DeyJpZCI6NjEyLCJ1cmwiOiJodHRwczpcL1wvc3VuY29uc2VydmF0aW9uLmNvbVwvd3AtY29udGVudFwvdXBsb2Fkc1wvMjAyNVwvMDlcL1NlY3Rvci1mb3Jlc3RhbC1leHBvcnRhY2lvbmVzLUVjdWFkb3ItMS1zY2FsZWQuanBnIiwic2xpZGVzaG93IjoiYWQ0NThmZCJ9\">\n\t\t\t\t\t<div class=\"e-gallery-image elementor-gallery-item__image\" data-thumbnail=\"https:\/\/sunconservation.com\/wp-content\/uploads\/2025\/09\/Sector-forestal-exportaciones-Ecuador-1-2048x1151.jpg\" data-width=\"2048\" data-height=\"1151\" aria-label=\"\" role=\"img\" ><\/div>\n\t\t\t\t\t\t\t\t\t\t\t\t\t\t<\/a>\n\t\t\t\t\t\t\t<a class=\"e-gallery-item elementor-gallery-item elementor-animated-content\" href=\"https:\/\/sunconservation.com\/wp-content\/uploads\/2025\/09\/teca-scaled.jpg\" data-elementor-open-lightbox=\"yes\" data-elementor-lightbox-slideshow=\"ad458fd\" data-elementor-lightbox-title=\"teca\" data-e-action-hash=\"#elementor-action%3Aaction%3Dlightbox%26settings%3DeyJpZCI6NjEzLCJ1cmwiOiJodHRwczpcL1wvc3VuY29uc2VydmF0aW9uLmNvbVwvd3AtY29udGVudFwvdXBsb2Fkc1wvMjAyNVwvMDlcL3RlY2Etc2NhbGVkLmpwZyIsInNsaWRlc2hvdyI6ImFkNDU4ZmQifQ%3D%3D\">\n\t\t\t\t\t<div class=\"e-gallery-image elementor-gallery-item__image\" data-thumbnail=\"https:\/\/sunconservation.com\/wp-content\/uploads\/2025\/09\/teca-2048x1152.jpg\" data-width=\"2048\" data-height=\"1152\" aria-label=\"\" role=\"img\" ><\/div>\n\t\t\t\t\t\t\t\t\t\t\t\t\t\t<\/a>\n\t\t\t\t\t\t\t<a class=\"e-gallery-item elementor-gallery-item elementor-animated-content\" href=\"https:\/\/sunconservation.com\/wp-content\/uploads\/2025\/09\/4M-Photo-3-web-1.jpg\" data-elementor-open-lightbox=\"yes\" data-elementor-lightbox-slideshow=\"ad458fd\" data-elementor-lightbox-title=\"4M-Photo-3-web (1)\" data-e-action-hash=\"#elementor-action%3Aaction%3Dlightbox%26settings%3DeyJpZCI6NTk3LCJ1cmwiOiJodHRwczpcL1wvc3VuY29uc2VydmF0aW9uLmNvbVwvd3AtY29udGVudFwvdXBsb2Fkc1wvMjAyNVwvMDlcLzRNLVBob3RvLTMtd2ViLTEuanBnIiwic2xpZGVzaG93IjoiYWQ0NThmZCJ9\">\n\t\t\t\t\t<div class=\"e-gallery-image elementor-gallery-item__image\" data-thumbnail=\"https:\/\/sunconservation.com\/wp-content\/uploads\/2025\/09\/4M-Photo-3-web-1.jpg\" data-width=\"1880\" data-height=\"1000\" aria-label=\"\" role=\"img\" ><\/div>\n\t\t\t\t\t\t\t\t\t\t\t\t\t\t<\/a>\n\t\t\t\t\t<\/div>\n\t\t\t\t\t<\/div>\n\t\t\t\t<\/div>\n\t\t\t\t\t<\/div>\n\t\t\t\t<\/div>\n\t\t<div class=\"elementor-element elementor-element-71e02ab e-con-full e-flex e-con e-parent\" data-id=\"71e02ab\" data-element_type=\"container\" data-e-type=\"container\">\n\t\t<div class=\"elementor-element elementor-element-6c097f3 e-con-full e-flex e-con e-child\" data-id=\"6c097f3\" data-element_type=\"container\" data-e-type=\"container\">\n\t\t\t\t<div class=\"elementor-element elementor-element-b82f714 elementor-widget__width-initial elementor-widget elementor-widget-heading\" data-id=\"b82f714\" data-element_type=\"widget\" data-e-type=\"widget\" data-widget_type=\"heading.default\">\n\t\t\t\t\t<h3 class=\"elementor-heading-title elementor-size-default\">Our Value Proposition<\/h3>\t\t\t\t<\/div>\n\t\t\t\t<\/div>\n\t\t<div class=\"elementor-element elementor-element-66f1c56 e-con-full e-flex e-con e-child\" data-id=\"66f1c56\" data-element_type=\"container\" data-e-type=\"container\">\n\t\t\t\t<div class=\"elementor-element elementor-element-be637ec elementor-widget elementor-widget-text-editor\" data-id=\"be637ec\" data-element_type=\"widget\" data-e-type=\"widget\" data-widget_type=\"text-editor.default\">\n\t\t\t\t\t\t\t\t\t<ol><li><b>Management of Vanguard:<\/b> We have a team of experts in the forestry industry of the teak. His deep knowledge and experience allow us to implement management systems and highly efficient, ensuring that each plantation to become an active first-class, ready to compete and excel in the international market.<\/li><li><b>Financial Innovation:<\/b> We are at the forefront of technology, strengthening a market of investment backed by our own digital currency. This currency anchored to the value of all the plantations that we manage for you, offering a safe, transparent and efficient investing, liber\u00e1ndote of the complexities of the traditional markets.<\/li><li><b>Transparency and Efficiency:<\/b> Through a system of management of last generation, we guarantee you total control and full visibility over the performance of your assets. Every decision is backed by accurate data, and a comprehensive follow-up, ensuring a clear path toward financial success.<\/li><\/ol>\t\t\t\t\t\t\t\t<\/div>\n\t\t\t\t<div class=\"elementor-element elementor-element-ca2ecc2 elementor-align-center elementor-mobile-align-center elementor-widget elementor-widget-button\" data-id=\"ca2ecc2\" data-element_type=\"widget\" data-e-type=\"widget\" data-widget_type=\"button.default\">\n\t\t\t\t\t\t\t\t\t\t<a class=\"elementor-button elementor-button-link elementor-size-sm\" href=\"#contacto\">\n\t\t\t\t\t\t<span class=\"elementor-button-content-wrapper\">\n\t\t\t\t\t\t\t\t\t<span class=\"elementor-button-text\">Cont\u00e1ctenos<\/span>\n\t\t\t\t\t<\/span>\n\t\t\t\t\t<\/a>\n\t\t\t\t\t\t\t\t<\/div>\n\t\t\t\t<\/div>\n\t\t\t\t<\/div>\n\t\t<div class=\"elementor-element elementor-element-84eb216 e-flex e-con-boxed e-con e-parent\" data-id=\"84eb216\" data-element_type=\"container\" data-e-type=\"container\">\n\t\t\t\t\t<div class=\"e-con-inner\">\n\t\t\t\t<div class=\"elementor-element elementor-element-1b8984c elementor-widget elementor-widget-menu-anchor\" data-id=\"1b8984c\" data-element_type=\"widget\" data-e-type=\"widget\" data-widget_type=\"menu-anchor.default\">\n\t\t\t\t\t\t\t<div class=\"elementor-menu-anchor\" id=\"contacto\"><\/div>\n\t\t\t\t\t\t<\/div>\n\t\t\t\t\t<\/div>\n\t\t\t\t<\/div>\n\t\t<div class=\"elementor-element elementor-element-eb6a04f e-flex e-con-boxed e-con e-parent\" data-id=\"eb6a04f\" data-element_type=\"container\" data-e-type=\"container\" data-settings=\"{&quot;background_background&quot;:&quot;classic&quot;}\">\n\t\t\t\t\t<div class=\"e-con-inner\">\n\t\t<div class=\"elementor-element elementor-element-3d0c96b e-con-full e-flex e-con e-child\" data-id=\"3d0c96b\" data-element_type=\"container\" data-e-type=\"container\">\n\t\t\t\t<div class=\"elementor-element elementor-element-2feb5df elementor-widget elementor-widget-heading\" data-id=\"2feb5df\" data-element_type=\"widget\" data-e-type=\"widget\" data-settings=\"{&quot;ep_threed_text_active&quot;:&quot;yes&quot;,&quot;ep_threed_text_depth&quot;:{&quot;unit&quot;:&quot;px&quot;,&quot;size&quot;:30,&quot;sizes&quot;:[]},&quot;ep_threed_text_layers&quot;:8,&quot;ep_threed_text_perspective&quot;:{&quot;unit&quot;:&quot;px&quot;,&quot;size&quot;:500,&quot;sizes&quot;:[]},&quot;ep_threed_text_fade&quot;:&quot;yes&quot;,&quot;ep_threed_text_event&quot;:&quot;none&quot;}\" data-widget_type=\"heading.default\">\n\t\t\t\t\t<h2 class=\"elementor-heading-title elementor-size-default\">Contact us<\/h2>\t\t\t\t<\/div>\n\t\t\t\t<div class=\"elementor-element elementor-element-9898531 elementor-widget__width-initial elementor-widget elementor-widget-heading\" data-id=\"9898531\" data-element_type=\"widget\" data-e-type=\"widget\" data-widget_type=\"heading.default\">\n\t\t\t\t\t<h5 class=\"elementor-heading-title elementor-size-default\">Invest in excellence, grows with nature. This phrase connects the quality of the investment with the natural origin of the asset.<\/h5>\t\t\t\t<\/div>\n\t\t\t\t<div class=\"elementor-element elementor-element-bf0266c elementor-tablet-button-align-stretch elementor-button-align-stretch elementor-widget elementor-widget-form\" data-id=\"bf0266c\" data-element_type=\"widget\" data-e-type=\"widget\" data-settings=\"{&quot;step_next_label&quot;:&quot;Next&quot;,&quot;step_previous_label&quot;:&quot;Previous&quot;,&quot;button_width&quot;:&quot;30&quot;,&quot;button_width_tablet&quot;:&quot;33&quot;,&quot;step_type&quot;:&quot;number_text&quot;,&quot;step_icon_shape&quot;:&quot;circle&quot;}\" data-widget_type=\"form.default\">\n\t\t\t\t\t\t\t<form class=\"elementor-form\" method=\"post\" name=\"Contact Form\" aria-label=\"Contact Form\" action=\"\">\n\t\t\t<input type=\"hidden\" name=\"post_id\" value=\"509\"\/>\n\t\t\t<input type=\"hidden\" name=\"form_id\" value=\"bf0266c\"\/>\n\t\t\t<input type=\"hidden\" name=\"referer_title\" value=\"\" \/>\n\n\t\t\t\n\t\t\t<div class=\"elementor-form-fields-wrapper elementor-labels-\">\n\t\t\t\t\t\t\t\t<div class=\"elementor-field-type-text elementor-field-group elementor-column elementor-field-group-name elementor-col-33\">\n\t\t\t\t\t\t\t\t\t\t\t\t<label for=\"form-field-name\" class=\"elementor-field-label elementor-screen-only\">\n\t\t\t\t\t\t\t\tFull Name\t\t\t\t\t\t\t<\/label>\n\t\t\t\t\t\t\t\t\t\t\t\t\t\t<input size=\"1\" type=\"text\" name=\"form_fields[name]\" id=\"form-field-name\" class=\"elementor-field elementor-size-md  elementor-field-textual\" placeholder=\"Name\">\n\t\t\t\t\t\t\t\t\t\t\t<\/div>\n\t\t\t\t\t\t\t\t<div class=\"elementor-field-type-email elementor-field-group elementor-column elementor-field-group-email elementor-col-33 elementor-field-required\">\n\t\t\t\t\t\t\t\t\t\t\t\t<label for=\"form-field-email\" class=\"elementor-field-label elementor-screen-only\">\n\t\t\t\t\t\t\t\tEmail\t\t\t\t\t\t\t<\/label>\n\t\t\t\t\t\t\t\t\t\t\t\t\t\t<input size=\"1\" type=\"email\" name=\"form_fields[email]\" id=\"form-field-email\" class=\"elementor-field elementor-size-md  elementor-field-textual\" placeholder=\"Email*\" required=\"required\">\n\t\t\t\t\t\t\t\t\t\t\t<\/div>\n\t\t\t\t\t\t\t\t<div class=\"elementor-field-group elementor-column elementor-field-type-submit elementor-col-30 e-form__buttons elementor-md-33\">\n\t\t\t\t\t<button class=\"elementor-button elementor-size-md\" type=\"submit\">\n\t\t\t\t\t\t<span class=\"elementor-button-content-wrapper\">\n\t\t\t\t\t\t\t\t\t\t\t\t\t\t\t\t\t\t\t\t\t\t<span class=\"elementor-button-text\">Send<\/span>\n\t\t\t\t\t\t\t\t\t\t\t\t\t<\/span>\n\t\t\t\t\t<\/button>\n\t\t\t\t<\/div>\n\t\t\t<\/div>\n\t\t<input type=\"hidden\" name=\"trp-form-language\" value=\"en\"\/><\/form>\n\t\t\t\t\t\t<\/div>\n\t\t\t\t<\/div>\n\t\t<div class=\"elementor-element elementor-element-71ec73d e-con-full e-flex e-con e-child\" data-id=\"71ec73d\" data-element_type=\"container\" data-e-type=\"container\">\n\t\t\t\t<div class=\"elementor-element elementor-element-5388453 elementor-widget elementor-widget-image\" data-id=\"5388453\" data-element_type=\"widget\" data-e-type=\"widget\" data-widget_type=\"image.default\">\n\t\t\t\t\t\t\t\t\t\t\t\t\t\t\t<img decoding=\"async\" width=\"800\" height=\"800\" src=\"https:\/\/sunconservation.com\/wp-content\/uploads\/2025\/10\/TEAK-Logo-1024x1024.png\" class=\"attachment-large size-large wp-image-839\" alt=\"\" srcset=\"https:\/\/sunconservation.com\/wp-content\/uploads\/2025\/10\/TEAK-Logo-1024x1024.png 1024w, https:\/\/sunconservation.com\/wp-content\/uploads\/2025\/10\/TEAK-Logo-300x300.png 300w, https:\/\/sunconservation.com\/wp-content\/uploads\/2025\/10\/TEAK-Logo-150x150.png 150w, https:\/\/sunconservation.com\/wp-content\/uploads\/2025\/10\/TEAK-Logo-768x768.png 768w, https:\/\/sunconservation.com\/wp-content\/uploads\/2025\/10\/TEAK-Logo.png 1080w\" sizes=\"(max-width: 800px) 100vw, 800px\" \/>\t\t\t\t\t\t\t\t\t\t\t\t\t\t\t<\/div>\n\t\t\t\t<\/div>\n\t\t\t\t\t<\/div>\n\t\t\t\t<\/div>\n\t\t\t\t<\/div>","protected":false},"excerpt":{"rendered":"<p>Tu inversi\u00f3n en teca es una inversi\u00f3n en excelencia, sostenibilidad y prosperidad. Bienvenido al Futuro de la Inversi\u00f3n Forestal En un mundo que valora la sostenibilidad y la rentabilidad, te presentamos una oportunidad \u00fanica para invertir en uno de los activos m\u00e1s s\u00f3lidos y prometedores del mercado: las plantaciones de teca. Somos una empresa l\u00edder, [&hellip;]<\/p>","protected":false},"author":1,"featured_media":0,"parent":0,"menu_order":0,"comment_status":"closed","ping_status":"closed","template":"","meta":{"footnotes":""},"class_list":["post-509","page","type-page","status-publish","hentry"],"_links":{"self":[{"href":"https:\/\/sunconservation.com\/en\/wp-json\/wp\/v2\/pages\/509","targetHints":{"allow":["GET"]}}],"collection":[{"href":"https:\/\/sunconservation.com\/en\/wp-json\/wp\/v2\/pages"}],"about":[{"href":"https:\/\/sunconservation.com\/en\/wp-json\/wp\/v2\/types\/page"}],"author":[{"embeddable":true,"href":"https:\/\/sunconservation.com\/en\/wp-json\/wp\/v2\/users\/1"}],"replies":[{"embeddable":true,"href":"https:\/\/sunconservation.com\/en\/wp-json\/wp\/v2\/comments?post=509"}],"version-history":[{"count":29,"href":"https:\/\/sunconservation.com\/en\/wp-json\/wp\/v2\/pages\/509\/revisions"}],"predecessor-version":[{"id":1047,"href":"https:\/\/sunconservation.com\/en\/wp-json\/wp\/v2\/pages\/509\/revisions\/1047"}],"wp:attachment":[{"href":"https:\/\/sunconservation.com\/en\/wp-json\/wp\/v2\/media?parent=509"}],"curies":[{"name":"wp","href":"https:\/\/api.w.org\/{rel}","templated":true}]}}