{"id":595,"date":"2025-09-03T18:55:07","date_gmt":"2025-09-03T18:55:07","guid":{"rendered":"https:\/\/sunconservation.com\/?page_id=595"},"modified":"2025-10-29T17:16:29","modified_gmt":"2025-10-29T17:16:29","slug":"dg-aqua-marine","status":"publish","type":"page","link":"https:\/\/sunconservation.com\/en\/dg-aqua-marine\/","title":{"rendered":"DG AQUA Marine"},"content":{"rendered":"<div data-elementor-type=\"wp-page\" data-elementor-id=\"595\" class=\"elementor elementor-595\" data-elementor-post-type=\"page\">\n\t\t\t\t<div class=\"elementor-element elementor-element-9d6b56e e-con-full e-flex e-con e-parent\" data-id=\"9d6b56e\" data-element_type=\"container\" data-e-type=\"container\" data-settings=\"{&quot;background_background&quot;:&quot;classic&quot;}\">\n\t\t\t\t<div class=\"elementor-element elementor-element-d1cf2a7 elementor-widget__width-initial elementor-widget-mobile__width-initial elementor-widget elementor-widget-heading\" data-id=\"d1cf2a7\" data-element_type=\"widget\" data-e-type=\"widget\" data-widget_type=\"heading.default\">\n\t\t\t\t\t<h2 class=\"elementor-heading-title elementor-size-default\">DG AQUA Marine<\/h2>\t\t\t\t<\/div>\n\t\t\t\t<div class=\"elementor-element elementor-element-aeaef1c elementor-widget__width-initial elementor-widget-mobile__width-initial elementor-widget elementor-widget-heading\" data-id=\"aeaef1c\" data-element_type=\"widget\" data-e-type=\"widget\" data-widget_type=\"heading.default\">\n\t\t\t\t\t<h2 class=\"elementor-heading-title elementor-size-default\">Maintenance and repair of Yachts<\/h2>\t\t\t\t<\/div>\n\t\t\t\t<\/div>\n\t\t<div class=\"elementor-element elementor-element-ae58fd2 e-flex e-con-boxed e-con e-parent\" data-id=\"ae58fd2\" data-element_type=\"container\" data-e-type=\"container\">\n\t\t\t\t\t<div class=\"e-con-inner\">\n\t\t\t\t<div class=\"elementor-element elementor-element-77f20b3 elementor-widget__width-initial elementor-widget elementor-widget-image\" data-id=\"77f20b3\" data-element_type=\"widget\" data-e-type=\"widget\" data-widget_type=\"image.default\">\n\t\t\t\t\t\t\t\t\t\t\t\t\t\t\t<img fetchpriority=\"high\" decoding=\"async\" width=\"612\" height=\"408\" src=\"https:\/\/sunconservation.com\/wp-content\/uploads\/2025\/08\/WhatsApp-Image-2025-08-25-at-16.25.42-2.jpeg\" class=\"attachment-large size-large wp-image-518\" alt=\"\" srcset=\"https:\/\/sunconservation.com\/wp-content\/uploads\/2025\/08\/WhatsApp-Image-2025-08-25-at-16.25.42-2.jpeg 612w, https:\/\/sunconservation.com\/wp-content\/uploads\/2025\/08\/WhatsApp-Image-2025-08-25-at-16.25.42-2-300x200.jpeg 300w\" sizes=\"(max-width: 612px) 100vw, 612px\" \/>\t\t\t\t\t\t\t\t\t\t\t\t\t\t\t<\/div>\n\t\t<div class=\"elementor-element elementor-element-3e0d7fc e-con-full e-flex e-con e-child\" data-id=\"3e0d7fc\" data-element_type=\"container\" data-e-type=\"container\">\n\t\t\t\t<div class=\"elementor-element elementor-element-3efd24e elementor-widget elementor-widget-heading\" data-id=\"3efd24e\" data-element_type=\"widget\" data-e-type=\"widget\" data-widget_type=\"heading.default\">\n\t\t\t\t\t<h2 class=\"elementor-heading-title elementor-size-default\">DGAQUA Marine: The Excellence in the Care of Yachts<\/h2>\t\t\t\t<\/div>\n\t\t\t\t<div class=\"elementor-element elementor-element-9544219 elementor-widget__width-initial elementor-widget elementor-widget-text-editor\" data-id=\"9544219\" data-element_type=\"widget\" data-e-type=\"widget\" data-widget_type=\"text-editor.default\">\n\t\t\t\t\t\t\t\t\t<ul><li>In the vibrant boaters paradise that is Miami, your yacht is more than a boat; it is an investment, a passion and a symbol of freedom. In <b>DGAQUA Marine<\/b>we understand this connection. We are dedicated full time to the <b>a comprehensive maintenance and conservation of luxury yachts<\/b>combining technical expertise with an unwavering commitment to perfection.<\/li><\/ul>\t\t\t\t\t\t\t\t<\/div>\n\t\t\t\t<div class=\"elementor-element elementor-element-3e56df8 elementor-align-center elementor-mobile-align-center elementor-widget elementor-widget-button\" data-id=\"3e56df8\" data-element_type=\"widget\" data-e-type=\"widget\" data-widget_type=\"button.default\">\n\t\t\t\t\t\t\t\t\t\t<a class=\"elementor-button elementor-button-link elementor-size-sm\" href=\"#contacto\">\n\t\t\t\t\t\t<span class=\"elementor-button-content-wrapper\">\n\t\t\t\t\t\t\t\t\t<span class=\"elementor-button-text\">Contact us<\/span>\n\t\t\t\t\t<\/span>\n\t\t\t\t\t<\/a>\n\t\t\t\t\t\t\t\t<\/div>\n\t\t\t\t<\/div>\n\t\t\t\t\t<\/div>\n\t\t\t\t<\/div>\n\t\t<div class=\"elementor-element elementor-element-a7e2315 e-flex e-con-boxed e-con e-parent\" data-id=\"a7e2315\" data-element_type=\"container\" data-e-type=\"container\">\n\t\t\t\t\t<div class=\"e-con-inner\">\n\t\t\t\t<div class=\"elementor-element elementor-element-dc4133f elementor-widget-tablet__width-initial elementor-widget elementor-widget-heading\" data-id=\"dc4133f\" data-element_type=\"widget\" data-e-type=\"widget\" data-widget_type=\"heading.default\">\n\t\t\t\t\t<h2 class=\"elementor-heading-title elementor-size-default\">Your Yacht, Our Priority<\/h2>\t\t\t\t<\/div>\n\t\t<div class=\"elementor-element elementor-element-c8ab236 e-con-full e-flex e-con e-child\" data-id=\"c8ab236\" data-element_type=\"container\" data-e-type=\"container\">\n\t\t\t\t<div class=\"elementor-element elementor-element-097b4e3 elementor-widget elementor-widget-text-editor\" data-id=\"097b4e3\" data-element_type=\"widget\" data-e-type=\"widget\" data-widget_type=\"text-editor.default\">\n\t\t\t\t\t\t\t\t\t<p>In <b>DGAQUA Marine<\/b>we believe in the power of the <b>preventive maintenance<\/b>. Our proactive strategy is designed to identify and solve problems before they become costly repairs. We offer a <b>personalized service<\/b> for each vessel, creating a plan of care tailored to fit your specific needs.<\/p><p>This meticulous approach is ideal for owners demanding that look for something more than a simple service: looking <b>peace of mind and confidence<\/b>. With DGAQUA Marine, you can be sure that your yacht not only looks great on the outside, but that is in the best position to provide you with unforgettable experiences on the water.<\/p><p>Trust the experts who share your passion for the sea and excellence.<\/p>\t\t\t\t\t\t\t\t<\/div>\n\t\t\t\t<div class=\"elementor-element elementor-element-777a816 elementor-align-center elementor-mobile-align-center elementor-widget elementor-widget-button\" data-id=\"777a816\" data-element_type=\"widget\" data-e-type=\"widget\" data-widget_type=\"button.default\">\n\t\t\t\t\t\t\t\t\t\t<a class=\"elementor-button elementor-button-link elementor-size-sm\" href=\"#contacto\">\n\t\t\t\t\t\t<span class=\"elementor-button-content-wrapper\">\n\t\t\t\t\t\t\t\t\t<span class=\"elementor-button-text\">Contact us <\/span>\n\t\t\t\t\t<\/span>\n\t\t\t\t\t<\/a>\n\t\t\t\t\t\t\t\t<\/div>\n\t\t\t\t<\/div>\n\t\t\t\t\t<\/div>\n\t\t\t\t<\/div>\n\t\t<div class=\"elementor-element elementor-element-6f9a404 e-flex e-con-boxed e-con e-parent\" data-id=\"6f9a404\" data-element_type=\"container\" data-e-type=\"container\">\n\t\t\t\t\t<div class=\"e-con-inner\">\n\t\t<div class=\"elementor-element elementor-element-04f9b2a e-con-full e-flex e-con e-child\" data-id=\"04f9b2a\" data-element_type=\"container\" data-e-type=\"container\">\n\t\t\t\t<div class=\"elementor-element elementor-element-c1c11b5 elementor-widget elementor-widget-heading\" data-id=\"c1c11b5\" data-element_type=\"widget\" data-e-type=\"widget\" data-widget_type=\"heading.default\">\n\t\t\t\t\t<h2 class=\"elementor-heading-title elementor-size-default\">A Maintenance that Exceeds Expectations<\/h2>\t\t\t\t<\/div>\n\t\t\t\t<div class=\"elementor-element elementor-element-f2ff906 elementor-widget elementor-widget-gallery\" data-id=\"f2ff906\" data-element_type=\"widget\" data-e-type=\"widget\" data-settings=\"{&quot;aspect_ratio&quot;:&quot;1:1&quot;,&quot;lazyload&quot;:&quot;yes&quot;,&quot;gallery_layout&quot;:&quot;grid&quot;,&quot;columns&quot;:4,&quot;columns_tablet&quot;:2,&quot;columns_mobile&quot;:1,&quot;gap&quot;:{&quot;unit&quot;:&quot;px&quot;,&quot;size&quot;:10,&quot;sizes&quot;:[]},&quot;gap_tablet&quot;:{&quot;unit&quot;:&quot;px&quot;,&quot;size&quot;:10,&quot;sizes&quot;:[]},&quot;gap_mobile&quot;:{&quot;unit&quot;:&quot;px&quot;,&quot;size&quot;:10,&quot;sizes&quot;:[]},&quot;link_to&quot;:&quot;file&quot;,&quot;content_hover_animation&quot;:&quot;fade-in&quot;}\" data-widget_type=\"gallery.default\">\n\t\t\t\t\t\t\t<div class=\"elementor-gallery__container\">\n\t\t\t\t\t\t\t<a class=\"e-gallery-item elementor-gallery-item elementor-animated-content\" href=\"https:\/\/sunconservation.com\/wp-content\/uploads\/2025\/09\/WhatsApp-Image-2025-08-25-at-16.25.42-3.jpeg\" data-elementor-open-lightbox=\"yes\" data-elementor-lightbox-slideshow=\"f2ff906\" data-elementor-lightbox-title=\"WhatsApp Image 2025-08-25 at 16.25.42 (3)\" data-e-action-hash=\"#elementor-action%3Aaction%3Dlightbox%26settings%3DeyJpZCI6NjI0LCJ1cmwiOiJodHRwczpcL1wvc3VuY29uc2VydmF0aW9uLmNvbVwvd3AtY29udGVudFwvdXBsb2Fkc1wvMjAyNVwvMDlcL1doYXRzQXBwLUltYWdlLTIwMjUtMDgtMjUtYXQtMTYuMjUuNDItMy5qcGVnIiwic2xpZGVzaG93IjoiZjJmZjkwNiJ9\">\n\t\t\t\t\t<div class=\"e-gallery-image elementor-gallery-item__image\" data-thumbnail=\"https:\/\/sunconservation.com\/wp-content\/uploads\/2025\/09\/WhatsApp-Image-2025-08-25-at-16.25.42-3.jpeg\" data-width=\"600\" data-height=\"404\" aria-label=\"\" role=\"img\" ><\/div>\n\t\t\t\t\t\t\t\t\t\t\t\t\t\t<\/a>\n\t\t\t\t\t\t\t<a class=\"e-gallery-item elementor-gallery-item elementor-animated-content\" href=\"https:\/\/sunconservation.com\/wp-content\/uploads\/2025\/09\/WhatsApp-Image-2025-08-25-at-16.25.41-1.jpeg\" data-elementor-open-lightbox=\"yes\" data-elementor-lightbox-slideshow=\"f2ff906\" data-elementor-lightbox-title=\"WhatsApp Image 2025-08-25 at 16.25.41 (1)\" data-e-action-hash=\"#elementor-action%3Aaction%3Dlightbox%26settings%3DeyJpZCI6NjI1LCJ1cmwiOiJodHRwczpcL1wvc3VuY29uc2VydmF0aW9uLmNvbVwvd3AtY29udGVudFwvdXBsb2Fkc1wvMjAyNVwvMDlcL1doYXRzQXBwLUltYWdlLTIwMjUtMDgtMjUtYXQtMTYuMjUuNDEtMS5qcGVnIiwic2xpZGVzaG93IjoiZjJmZjkwNiJ9\">\n\t\t\t\t\t<div class=\"e-gallery-image elementor-gallery-item__image\" data-thumbnail=\"https:\/\/sunconservation.com\/wp-content\/uploads\/2025\/09\/WhatsApp-Image-2025-08-25-at-16.25.41-1.jpeg\" data-width=\"1462\" data-height=\"1000\" aria-label=\"\" role=\"img\" ><\/div>\n\t\t\t\t\t\t\t\t\t\t\t\t\t\t<\/a>\n\t\t\t\t\t\t\t<a class=\"e-gallery-item elementor-gallery-item elementor-animated-content\" href=\"https:\/\/sunconservation.com\/wp-content\/uploads\/2025\/08\/WhatsApp-Image-2025-08-25-at-16.25.42-2.jpeg\" data-elementor-open-lightbox=\"yes\" data-elementor-lightbox-slideshow=\"f2ff906\" data-elementor-lightbox-title=\"WhatsApp Image 2025-08-25 at 16.25.42 (2)\" data-e-action-hash=\"#elementor-action%3Aaction%3Dlightbox%26settings%3DeyJpZCI6NTE4LCJ1cmwiOiJodHRwczpcL1wvc3VuY29uc2VydmF0aW9uLmNvbVwvd3AtY29udGVudFwvdXBsb2Fkc1wvMjAyNVwvMDhcL1doYXRzQXBwLUltYWdlLTIwMjUtMDgtMjUtYXQtMTYuMjUuNDItMi5qcGVnIiwic2xpZGVzaG93IjoiZjJmZjkwNiJ9\">\n\t\t\t\t\t<div class=\"e-gallery-image elementor-gallery-item__image\" data-thumbnail=\"https:\/\/sunconservation.com\/wp-content\/uploads\/2025\/08\/WhatsApp-Image-2025-08-25-at-16.25.42-2.jpeg\" data-width=\"612\" data-height=\"408\" aria-label=\"\" role=\"img\" ><\/div>\n\t\t\t\t\t\t\t\t\t\t\t\t\t\t<\/a>\n\t\t\t\t\t\t\t<a class=\"e-gallery-item elementor-gallery-item elementor-animated-content\" href=\"https:\/\/sunconservation.com\/wp-content\/uploads\/2025\/08\/WhatsApp-Image-2025-08-25-at-16.25.41-1.jpeg\" data-elementor-open-lightbox=\"yes\" data-elementor-lightbox-slideshow=\"f2ff906\" data-elementor-lightbox-title=\"WhatsApp Image 2025-08-25 at 16.25.41\" data-e-action-hash=\"#elementor-action%3Aaction%3Dlightbox%26settings%3DeyJpZCI6NTExLCJ1cmwiOiJodHRwczpcL1wvc3VuY29uc2VydmF0aW9uLmNvbVwvd3AtY29udGVudFwvdXBsb2Fkc1wvMjAyNVwvMDhcL1doYXRzQXBwLUltYWdlLTIwMjUtMDgtMjUtYXQtMTYuMjUuNDEtMS5qcGVnIiwic2xpZGVzaG93IjoiZjJmZjkwNiJ9\">\n\t\t\t\t\t<div class=\"e-gallery-image elementor-gallery-item__image\" data-thumbnail=\"https:\/\/sunconservation.com\/wp-content\/uploads\/2025\/08\/WhatsApp-Image-2025-08-25-at-16.25.41-1.jpeg\" data-width=\"1338\" data-height=\"892\" aria-label=\"\" role=\"img\" ><\/div>\n\t\t\t\t\t\t\t\t\t\t\t\t\t\t<\/a>\n\t\t\t\t\t<\/div>\n\t\t\t\t\t<\/div>\n\t\t\t\t<\/div>\n\t\t\t\t\t<\/div>\n\t\t\t\t<\/div>\n\t\t<div class=\"elementor-element elementor-element-82ef776 e-con-full e-flex e-con e-parent\" data-id=\"82ef776\" data-element_type=\"container\" data-e-type=\"container\">\n\t\t<div class=\"elementor-element elementor-element-b57a7fe e-con-full e-flex e-con e-child\" data-id=\"b57a7fe\" data-element_type=\"container\" data-e-type=\"container\">\n\t\t\t\t<div class=\"elementor-element elementor-element-aa53d13 elementor-widget__width-initial elementor-widget elementor-widget-heading\" data-id=\"aa53d13\" data-element_type=\"widget\" data-e-type=\"widget\" data-widget_type=\"heading.default\">\n\t\t\t\t\t<h3 class=\"elementor-heading-title elementor-size-default\">Value propositions Additional<\/h3>\t\t\t\t<\/div>\n\t\t\t\t<\/div>\n\t\t<div class=\"elementor-element elementor-element-d309eb9 e-con-full e-flex e-con e-child\" data-id=\"d309eb9\" data-element_type=\"container\" data-e-type=\"container\">\n\t\t\t\t<div class=\"elementor-element elementor-element-5710c25 elementor-widget elementor-widget-text-editor\" data-id=\"5710c25\" data-element_type=\"widget\" data-e-type=\"widget\" data-widget_type=\"text-editor.default\">\n\t\t\t\t\t\t\t\t\t<ul><li><b>Your peace of mind, our commitment<\/b>: Do not just look after your yacht; we give you the certainty that your investment is protected. We know that your time on the water is precious, and our service, then each output will be an experience without worries, knowing that your boat is in the hands of professionals.<\/li><li><p><b>Technology and experience at your service<\/b>: We combine the best of both worlds: an in-depth knowledge of naval engineering, the traditional with the technological tools that are more advanced. Our team uses diagnostics of-the-art to detect problems invisible, to ensure that each repair is accurate, durable, and optimize the performance of your boat.<\/p><\/li><li><p><b>More value, less costs to long-term<\/b>: Our philosophy <b>preventive maintenance<\/b> it is the best investment for the future of your yacht. To avoid damage and prolong the useful life of the components, not only to protect the value of your boat, but you'll save a considerable amount of money in repairs over the long term. It is the smartest way to keep the luxury without unexpected costs.<\/p><\/li><\/ul>\t\t\t\t\t\t\t\t<\/div>\n\t\t\t\t<div class=\"elementor-element elementor-element-f7fad18 elementor-align-center elementor-mobile-align-center elementor-widget elementor-widget-button\" data-id=\"f7fad18\" data-element_type=\"widget\" data-e-type=\"widget\" data-widget_type=\"button.default\">\n\t\t\t\t\t\t\t\t\t\t<a class=\"elementor-button elementor-button-link elementor-size-sm\" href=\"#contacto\">\n\t\t\t\t\t\t<span class=\"elementor-button-content-wrapper\">\n\t\t\t\t\t\t\t\t\t<span class=\"elementor-button-text\">Contact us<\/span>\n\t\t\t\t\t<\/span>\n\t\t\t\t\t<\/a>\n\t\t\t\t\t\t\t\t<\/div>\n\t\t\t\t<\/div>\n\t\t\t\t<\/div>\n\t\t<div class=\"elementor-element elementor-element-4fd5825 e-flex e-con-boxed e-con e-parent\" data-id=\"4fd5825\" data-element_type=\"container\" data-e-type=\"container\" data-settings=\"{&quot;background_background&quot;:&quot;classic&quot;}\">\n\t\t\t\t\t<div class=\"e-con-inner\">\n\t\t<div class=\"elementor-element elementor-element-96fcee9 e-con-full e-flex e-con e-child\" data-id=\"96fcee9\" data-element_type=\"container\" data-e-type=\"container\">\n\t\t\t\t<div class=\"elementor-element elementor-element-f73c625 elementor-widget elementor-widget-heading\" data-id=\"f73c625\" data-element_type=\"widget\" data-e-type=\"widget\" data-settings=\"{&quot;ep_threed_text_active&quot;:&quot;yes&quot;,&quot;ep_threed_text_depth&quot;:{&quot;unit&quot;:&quot;px&quot;,&quot;size&quot;:30,&quot;sizes&quot;:[]},&quot;ep_threed_text_layers&quot;:8,&quot;ep_threed_text_perspective&quot;:{&quot;unit&quot;:&quot;px&quot;,&quot;size&quot;:500,&quot;sizes&quot;:[]},&quot;ep_threed_text_fade&quot;:&quot;yes&quot;,&quot;ep_threed_text_event&quot;:&quot;none&quot;}\" data-widget_type=\"heading.default\">\n\t\t\t\t\t<h2 class=\"elementor-heading-title elementor-size-default\">Contact us<\/h2>\t\t\t\t<\/div>\n\t\t\t\t<div class=\"elementor-element elementor-element-8a2d35d elementor-widget elementor-widget-heading\" data-id=\"8a2d35d\" data-element_type=\"widget\" data-e-type=\"widget\" data-widget_type=\"heading.default\">\n\t\t\t\t\t<h5 class=\"elementor-heading-title elementor-size-default\">Where your yacht is treated as a work of art.<\/h5>\t\t\t\t<\/div>\n\t\t\t\t<div class=\"elementor-element elementor-element-9b497b3 elementor-widget elementor-widget-menu-anchor\" data-id=\"9b497b3\" data-element_type=\"widget\" data-e-type=\"widget\" data-widget_type=\"menu-anchor.default\">\n\t\t\t\t\t\t\t<div class=\"elementor-menu-anchor\" id=\"contacto\"><\/div>\n\t\t\t\t\t\t<\/div>\n\t\t\t\t<div class=\"elementor-element elementor-element-7aca6c0 elementor-tablet-button-align-stretch elementor-button-align-stretch elementor-widget elementor-widget-form\" data-id=\"7aca6c0\" data-element_type=\"widget\" data-e-type=\"widget\" data-settings=\"{&quot;step_next_label&quot;:&quot;Next&quot;,&quot;step_previous_label&quot;:&quot;Previous&quot;,&quot;button_width&quot;:&quot;30&quot;,&quot;button_width_tablet&quot;:&quot;33&quot;,&quot;step_type&quot;:&quot;number_text&quot;,&quot;step_icon_shape&quot;:&quot;circle&quot;}\" data-widget_type=\"form.default\">\n\t\t\t\t\t\t\t<form class=\"elementor-form\" method=\"post\" name=\"Contact Form\" aria-label=\"Contact Form\" action=\"\">\n\t\t\t<input type=\"hidden\" name=\"post_id\" value=\"595\"\/>\n\t\t\t<input type=\"hidden\" name=\"form_id\" value=\"7aca6c0\"\/>\n\t\t\t<input type=\"hidden\" name=\"referer_title\" value=\"\" \/>\n\n\t\t\t\n\t\t\t<div class=\"elementor-form-fields-wrapper elementor-labels-\">\n\t\t\t\t\t\t\t\t<div class=\"elementor-field-type-text elementor-field-group elementor-column elementor-field-group-name elementor-col-33\">\n\t\t\t\t\t\t\t\t\t\t\t\t<label for=\"form-field-name\" class=\"elementor-field-label elementor-screen-only\">\n\t\t\t\t\t\t\t\tFull Name\t\t\t\t\t\t\t<\/label>\n\t\t\t\t\t\t\t\t\t\t\t\t\t\t<input size=\"1\" type=\"text\" name=\"form_fields[name]\" id=\"form-field-name\" class=\"elementor-field elementor-size-md  elementor-field-textual\" placeholder=\"Name\">\n\t\t\t\t\t\t\t\t\t\t\t<\/div>\n\t\t\t\t\t\t\t\t<div class=\"elementor-field-type-email elementor-field-group elementor-column elementor-field-group-email elementor-col-33 elementor-field-required\">\n\t\t\t\t\t\t\t\t\t\t\t\t<label for=\"form-field-email\" class=\"elementor-field-label elementor-screen-only\">\n\t\t\t\t\t\t\t\tEmail\t\t\t\t\t\t\t<\/label>\n\t\t\t\t\t\t\t\t\t\t\t\t\t\t<input size=\"1\" type=\"email\" name=\"form_fields[email]\" id=\"form-field-email\" class=\"elementor-field elementor-size-md  elementor-field-textual\" placeholder=\"Email*\" required=\"required\">\n\t\t\t\t\t\t\t\t\t\t\t<\/div>\n\t\t\t\t\t\t\t\t<div class=\"elementor-field-group elementor-column elementor-field-type-submit elementor-col-30 e-form__buttons elementor-md-33\">\n\t\t\t\t\t<button class=\"elementor-button elementor-size-md\" type=\"submit\">\n\t\t\t\t\t\t<span class=\"elementor-button-content-wrapper\">\n\t\t\t\t\t\t\t\t\t\t\t\t\t\t\t\t\t\t\t\t\t\t<span class=\"elementor-button-text\">Send<\/span>\n\t\t\t\t\t\t\t\t\t\t\t\t\t<\/span>\n\t\t\t\t\t<\/button>\n\t\t\t\t<\/div>\n\t\t\t<\/div>\n\t\t<input type=\"hidden\" name=\"trp-form-language\" value=\"en\"\/><\/form>\n\t\t\t\t\t\t<\/div>\n\t\t\t\t<\/div>\n\t\t<div class=\"elementor-element elementor-element-30608d8 e-con-full e-flex e-con e-child\" data-id=\"30608d8\" data-element_type=\"container\" data-e-type=\"container\">\n\t\t\t\t<div class=\"elementor-element elementor-element-8c24c98 elementor-widget elementor-widget-image\" data-id=\"8c24c98\" data-element_type=\"widget\" data-e-type=\"widget\" data-widget_type=\"image.default\">\n\t\t\t\t\t\t\t\t\t\t\t\t\t\t\t<img decoding=\"async\" width=\"1200\" height=\"800\" src=\"https:\/\/sunconservation.com\/wp-content\/uploads\/2025\/10\/de76185d5677f9d88c35eeae7571d164afcb4019.png\" class=\"attachment-2048x2048 size-2048x2048 wp-image-855\" alt=\"\" srcset=\"https:\/\/sunconservation.com\/wp-content\/uploads\/2025\/10\/de76185d5677f9d88c35eeae7571d164afcb4019.png 1200w, https:\/\/sunconservation.com\/wp-content\/uploads\/2025\/10\/de76185d5677f9d88c35eeae7571d164afcb4019-300x200.png 300w, https:\/\/sunconservation.com\/wp-content\/uploads\/2025\/10\/de76185d5677f9d88c35eeae7571d164afcb4019-1024x683.png 1024w, https:\/\/sunconservation.com\/wp-content\/uploads\/2025\/10\/de76185d5677f9d88c35eeae7571d164afcb4019-768x512.png 768w\" sizes=\"(max-width: 1200px) 100vw, 1200px\" \/>\t\t\t\t\t\t\t\t\t\t\t\t\t\t\t<\/div>\n\t\t\t\t<\/div>\n\t\t\t\t\t<\/div>\n\t\t\t\t<\/div>\n\t\t\t\t<\/div>","protected":false},"excerpt":{"rendered":"<p>DG AQUA Marine Mantenimiento y Conservaci\u00f3n de Yates DGAQUA Marine: La Excelencia en el Cuidado de Yates En el vibrante para\u00edso de los navegantes que es Miami, tu yate es m\u00e1s que una embarcaci\u00f3n; es una inversi\u00f3n, una pasi\u00f3n y un s\u00edmbolo de libertad. En DGAQUA Marine, entendemos esta conexi\u00f3n. Nos dedicamos por completo al [&hellip;]<\/p>","protected":false},"author":1,"featured_media":0,"parent":0,"menu_order":0,"comment_status":"closed","ping_status":"closed","template":"","meta":{"footnotes":""},"class_list":["post-595","page","type-page","status-publish","hentry"],"_links":{"self":[{"href":"https:\/\/sunconservation.com\/en\/wp-json\/wp\/v2\/pages\/595","targetHints":{"allow":["GET"]}}],"collection":[{"href":"https:\/\/sunconservation.com\/en\/wp-json\/wp\/v2\/pages"}],"about":[{"href":"https:\/\/sunconservation.com\/en\/wp-json\/wp\/v2\/types\/page"}],"author":[{"embeddable":true,"href":"https:\/\/sunconservation.com\/en\/wp-json\/wp\/v2\/users\/1"}],"replies":[{"embeddable":true,"href":"https:\/\/sunconservation.com\/en\/wp-json\/wp\/v2\/comments?post=595"}],"version-history":[{"count":28,"href":"https:\/\/sunconservation.com\/en\/wp-json\/wp\/v2\/pages\/595\/revisions"}],"predecessor-version":[{"id":858,"href":"https:\/\/sunconservation.com\/en\/wp-json\/wp\/v2\/pages\/595\/revisions\/858"}],"wp:attachment":[{"href":"https:\/\/sunconservation.com\/en\/wp-json\/wp\/v2\/media?parent=595"}],"curies":[{"name":"wp","href":"https:\/\/api.w.org\/{rel}","templated":true}]}}